{"id":45,"date":"2023-02-17T02:59:52","date_gmt":"2023-02-17T02:59:52","guid":{"rendered":"https:\/\/sjsolucionesambientales.com\/?page_id=45"},"modified":"2023-03-08T01:24:34","modified_gmt":"2023-03-08T01:24:34","slug":"acerca-de","status":"publish","type":"page","link":"https:\/\/sjsolucionesambientales.com\/index.php\/acerca-de\/","title":{"rendered":"Acerca de"},"content":{"rendered":"\t\t<div data-elementor-type=\"wp-page\" data-elementor-id=\"45\" class=\"elementor elementor-45\">\n\t\t\t\t\t\t<section class=\"ob-is-breaking-bad elementor-section elementor-top-section elementor-element elementor-element-3b106a4 elementor-section-boxed elementor-section-height-default elementor-section-height-default\" data-id=\"3b106a4\" data-element_type=\"section\" data-settings=\"{&quot;_ob_bbad_use_it&quot;:&quot;yes&quot;,&quot;_ob_bbad_sssic_use&quot;:&quot;no&quot;,&quot;_ob_glider_is_slider&quot;:&quot;no&quot;}\">\n\t\t\t\t\t\t<div class=\"elementor-container elementor-column-gap-default\">\n\t\t\t\t\t<div class=\"elementor-column elementor-col-100 elementor-top-column elementor-element elementor-element-e330117\" data-id=\"e330117\" data-element_type=\"column\" data-settings=\"{&quot;_ob_bbad_is_stalker&quot;:&quot;no&quot;,&quot;_ob_teleporter_use&quot;:false,&quot;_ob_column_hoveranimator&quot;:&quot;no&quot;,&quot;_ob_column_has_pseudo&quot;:&quot;no&quot;}\">\n\t\t\t<div class=\"elementor-widget-wrap elementor-element-populated\">\n\t\t\t\t\t\t<div class=\"elementor-element elementor-element-dbf7a19 ob-harakiri-inherit ob-has-background-overlay elementor-widget elementor-widget-heading\" data-id=\"dbf7a19\" data-element_type=\"widget\" data-settings=\"{&quot;_ob_use_harakiri&quot;:&quot;yes&quot;,&quot;_ob_harakiri_writing_mode&quot;:&quot;inherit&quot;,&quot;_ob_harakiri_text_clip&quot;:&quot;none&quot;,&quot;_ob_perspektive_use&quot;:&quot;no&quot;,&quot;_ob_poopart_use&quot;:&quot;yes&quot;,&quot;_ob_shadough_use&quot;:&quot;no&quot;,&quot;_ob_allow_hoveranimator&quot;:&quot;no&quot;,&quot;_ob_widget_stalker_use&quot;:&quot;no&quot;}\" data-widget_type=\"heading.default\">\n\t\t\t\t<div class=\"elementor-widget-container\">\n\t\t\t\t\t<h3 class=\"elementor-heading-title elementor-size-default\">\u201cNuestro prop\u00f3sito es gestionar los residuos industriales de forma responsable y segura, para ser reincorporados en la cadena productiva y poder as\u00ed generar un menor impacto en el medio ambiente\u201d.<\/h3>\t\t\t\t<\/div>\n\t\t\t\t<\/div>\n\t\t\t\t\t<\/div>\n\t\t<\/div>\n\t\t\t\t\t<\/div>\n\t\t<\/section>\n\t\t\t\t<section class=\"ob-is-breaking-bad elementor-section elementor-top-section elementor-element elementor-element-3326f3b elementor-section-boxed elementor-section-height-default elementor-section-height-default\" data-id=\"3326f3b\" data-element_type=\"section\" data-settings=\"{&quot;_ob_bbad_use_it&quot;:&quot;yes&quot;,&quot;_ob_bbad_sssic_use&quot;:&quot;no&quot;,&quot;_ob_glider_is_slider&quot;:&quot;no&quot;}\">\n\t\t\t\t\t\t\t<div class=\"elementor-background-overlay\"><\/div>\n\t\t\t\t\t\t\t<div class=\"elementor-container elementor-column-gap-default\">\n\t\t\t\t\t<div class=\"elementor-column elementor-col-100 elementor-top-column elementor-element elementor-element-2334188\" data-id=\"2334188\" data-element_type=\"column\" data-settings=\"{&quot;_ob_bbad_is_stalker&quot;:&quot;no&quot;,&quot;_ob_teleporter_use&quot;:false,&quot;_ob_column_hoveranimator&quot;:&quot;no&quot;,&quot;_ob_column_has_pseudo&quot;:&quot;no&quot;}\">\n\t\t\t<div class=\"elementor-widget-wrap elementor-element-populated\">\n\t\t\t\t\t\t<div class=\"elementor-element elementor-element-cec5850 ob-has-background-overlay elementor-widget elementor-widget-slider_revolution\" data-id=\"cec5850\" data-element_type=\"widget\" data-settings=\"{&quot;_ob_perspektive_use&quot;:&quot;no&quot;,&quot;_ob_poopart_use&quot;:&quot;yes&quot;,&quot;_ob_shadough_use&quot;:&quot;no&quot;,&quot;_ob_allow_hoveranimator&quot;:&quot;no&quot;,&quot;_ob_widget_stalker_use&quot;:&quot;no&quot;}\" data-widget_type=\"slider_revolution.default\">\n\t\t\t\t<div class=\"elementor-widget-container\">\n\t\t\t\t\t\n\t\t<div class=\"wp-block-themepunch-revslider\">\n\t\t\t<!-- START acerca REVOLUTION SLIDER 6.6.8 --><p class=\"rs-p-wp-fix\"><\/p>\n\t\t\t<rs-module-wrap id=\"rev_slider_6_1_wrapper\" data-source=\"gallery\" style=\"visibility:hidden;background:transparent;padding:0;margin:0px auto;margin-top:0;margin-bottom:0;\">\n\t\t\t\t<rs-module id=\"rev_slider_6_1\" style=\"\" data-version=\"6.6.8\">\n\t\t\t\t\t<rs-slides style=\"overflow: hidden; position: absolute;\">\n\t\t\t\t\t\t<rs-slide style=\"position: absolute;\" data-key=\"rs-19\" data-title=\"Slide\" data-in=\"o:0;\" data-out=\"a:false;\">\n\t\t\t\t\t\t\t<img fetchpriority=\"high\" decoding=\"async\" src=\"\/\/sjsolucionesambientales.com\/wp-content\/plugins\/revslider\/public\/assets\/assets\/dummy.png\" alt=\"\" title=\"banner_Acerca-de\" width=\"1300\" height=\"400\" class=\"rev-slidebg tp-rs-img rs-lazyload\" data-lazyload=\"\/\/sjsolucionesambientales.com\/wp-content\/uploads\/2023\/03\/banner_Acerca-de.jpg\" data-parallax=\"off\" data-no-retina>\n<!---->\t\t\t\t\t\t<\/rs-slide>\n\t\t\t\t\t<\/rs-slides>\n\t\t\t\t<\/rs-module>\n\t\t\t\t<script>\n\t\t\t\t\tsetREVStartSize({c: 'rev_slider_6_1',rl:[1240,1024,778,480],el:[400,614,614,614],gw:[1300,1300,1000,1000],gh:[400,400,400,400],type:'standard',justify:'',layout:'fullwidth',mh:\"0\"});if (window.RS_MODULES!==undefined && window.RS_MODULES.modules!==undefined && window.RS_MODULES.modules[\"revslider61\"]!==undefined) {window.RS_MODULES.modules[\"revslider61\"].once = false;window.revapi6 = undefined;if (window.RS_MODULES.checkMinimal!==undefined) window.RS_MODULES.checkMinimal()}\n\t\t\t\t<\/script>\n\t\t\t<\/rs-module-wrap>\n\t\t\t<!-- END REVOLUTION SLIDER -->\n<\/div>\n\n\t\t\t\t\t\t<\/div>\n\t\t\t\t<\/div>\n\t\t\t\t\t<\/div>\n\t\t<\/div>\n\t\t\t\t\t<\/div>\n\t\t<\/section>\n\t\t\t\t<section class=\"ob-is-breaking-bad elementor-section elementor-top-section elementor-element elementor-element-1466405 elementor-section-boxed elementor-section-height-default elementor-section-height-default\" data-id=\"1466405\" data-element_type=\"section\" data-settings=\"{&quot;background_background&quot;:&quot;classic&quot;,&quot;shape_divider_bottom&quot;:&quot;mountains&quot;,&quot;_ob_bbad_use_it&quot;:&quot;yes&quot;,&quot;_ob_bbad_sssic_use&quot;:&quot;no&quot;,&quot;_ob_glider_is_slider&quot;:&quot;no&quot;}\">\n\t\t\t\t\t\t\t<div class=\"elementor-background-overlay\"><\/div>\n\t\t\t\t\t\t<div class=\"elementor-shape elementor-shape-bottom\" aria-hidden=\"true\" data-negative=\"false\">\n\t\t\t<svg xmlns=\"http:\/\/www.w3.org\/2000\/svg\" viewBox=\"0 0 1000 100\" preserveAspectRatio=\"none\">\n\t<path class=\"elementor-shape-fill\" opacity=\"0.33\" d=\"M473,67.3c-203.9,88.3-263.1-34-320.3,0C66,119.1,0,59.7,0,59.7V0h1000v59.7 c0,0-62.1,26.1-94.9,29.3c-32.8,3.3-62.8-12.3-75.8-22.1C806,49.6,745.3,8.7,694.9,4.7S492.4,59,473,67.3z\"\/>\n\t<path class=\"elementor-shape-fill\" opacity=\"0.66\" d=\"M734,67.3c-45.5,0-77.2-23.2-129.1-39.1c-28.6-8.7-150.3-10.1-254,39.1 s-91.7-34.4-149.2,0C115.7,118.3,0,39.8,0,39.8V0h1000v36.5c0,0-28.2-18.5-92.1-18.5C810.2,18.1,775.7,67.3,734,67.3z\"\/>\n\t<path class=\"elementor-shape-fill\" d=\"M766.1,28.9c-200-57.5-266,65.5-395.1,19.5C242,1.8,242,5.4,184.8,20.6C128,35.8,132.3,44.9,89.9,52.5C28.6,63.7,0,0,0,0 h1000c0,0-9.9,40.9-83.6,48.1S829.6,47,766.1,28.9z\"\/>\n<\/svg>\t\t<\/div>\n\t\t\t\t\t<div class=\"elementor-container elementor-column-gap-default\">\n\t\t\t\t\t<div class=\"elementor-column elementor-col-100 elementor-top-column elementor-element elementor-element-f27e4d5\" data-id=\"f27e4d5\" data-element_type=\"column\" data-settings=\"{&quot;_ob_bbad_is_stalker&quot;:&quot;no&quot;,&quot;_ob_teleporter_use&quot;:false,&quot;_ob_column_hoveranimator&quot;:&quot;no&quot;,&quot;_ob_column_has_pseudo&quot;:&quot;no&quot;}\">\n\t\t\t<div class=\"elementor-widget-wrap elementor-element-populated\">\n\t\t\t\t\t\t<div class=\"elementor-element elementor-element-4066760 elementor-position-left elementor-view-default elementor-mobile-position-top ob-has-background-overlay elementor-widget elementor-widget-icon-box\" data-id=\"4066760\" data-element_type=\"widget\" data-settings=\"{&quot;_ob_perspektive_use&quot;:&quot;no&quot;,&quot;_ob_poopart_use&quot;:&quot;yes&quot;,&quot;_ob_shadough_use&quot;:&quot;no&quot;,&quot;_ob_allow_hoveranimator&quot;:&quot;no&quot;,&quot;_ob_widget_stalker_use&quot;:&quot;no&quot;}\" data-widget_type=\"icon-box.default\">\n\t\t\t\t<div class=\"elementor-widget-container\">\n\t\t\t\t\t\t\t<div class=\"elementor-icon-box-wrapper\">\n\n\t\t\t\t\t\t<div class=\"elementor-icon-box-icon\">\n\t\t\t\t<span  class=\"elementor-icon\">\n\t\t\t\t<svg xmlns=\"http:\/\/www.w3.org\/2000\/svg\" id=\"Capa_2\" data-name=\"Capa 2\" viewBox=\"0 0 40.95 40.95\"><defs><style>      .cls-1 {        fill: #153745;      }    <\/style><\/defs><g id=\"Capa_1-2\" data-name=\"Capa 1\"><path class=\"cls-1\" d=\"m27.85,1.38C24.83.2,21.69-.23,18.46.11c-4.92.51-9.14,2.55-12.63,6.06-1.69,1.7-3.02,3.67-4,5.86-.07.16-.11.36-.32.43-.03.01-.08.05-.08.07-.09,1.12-.68,2.1-.89,3.19-.18.97-.39,1.93-.47,2.91,0,.06,0,.14-.08.16v3.36c.18.44.15.92.22,1.38.81,5.02,3.12,9.21,6.97,12.52,2.74,2.36,5.92,3.84,9.47,4.53.68.13,1.36.24,2.05.27.06,0,.14,0,.16.08h3.04c.53-.16,1.09-.14,1.63-.22,3.47-.53,6.6-1.85,9.38-3.99,3.77-2.91,6.27-6.68,7.43-11.3,2.5-10.03-2.84-20.28-12.49-24.05Zm.55,2.59c.63-.36,1.11-.36,1.72.04,1.2.77,2.35,1.6,3.4,2.56.17.16.12.23-.04.31-.01,0-.02.01-.03.02-.52.46-1.07.58-1.78.4-1.3-.32-2.62-.54-3.87-1.03-.32-.13-.63-.14-.97-.03-.49.15-1.02.21-1.5.39-.58.21-1.1.09-1.64-.12-.2-.08-.16-.16-.1-.29.2-.4.42-.8.6-1.21.08-.18.2-.22.37-.21.32.01.64,0,.96,0,1.11.25,2-.33,2.87-.83ZM3.09,12.62c2.03-4.37,5.24-7.55,9.62-9.57.18-.08.34-.14.5.01,1.09.99,2.45,1.25,3.84,1.42.32.04.63.1.94.16.06.01.13-.01.16.07.05.15-.33.92-.49.97-.43.14-.85.28-1.28.42-.32.1-.55.29-.72.58-.54.93-1.11,1.84-1.65,2.77-.12.2-.26.35-.46.47-.83.49-1.67.98-2.49,1.5-.58.37-1.25.31-1.88.42-.99.17-2,.28-3,.43-.51.08-.72.34-.73.88,0,.56,0,1.12,0,1.68,0,.33.1.59.34.82.14.13.25.29.4.39.61.43.76,1.01.58,1.75-.89-.6-1.76-1.18-2.63-1.76-.11-.07-.16-.18-.19-.29-.3-.88-.59-1.76-.88-2.64-.06-.17-.04-.32.04-.49Zm13.29,17c.22,1.08-.21,1.81-1.16,2.32-.39.21-.72.54-1.09.8-.35.24-.5.56-.49.98.02.61,0,1.23,0,1.84,0,.3-.07.3-.34.24-.39-.09-.53-.33-.69-.66-.84-1.67-1.19-3.41-1-5.27.02-.22,0-.45,0-.68,0-1.03,0-2.05,0-3.08,0-.56-.17-.77-.71-.88-.84-.17-1.69-.34-2.54-.5-.27-.05-.45-.16-.55-.43-.11-.28-.24-.56-.41-.82-.5-.76-.63-1.58-.55-2.47.01-.17.05-.3.17-.42.72-.71,1.44-1.42,2.15-2.15.18-.18.25-.15.35.06.24.5.49,1,.74,1.5.16.33.41.49.79.48,1.32-.01,2.64,0,3.95-.01.23,0,.35.07.47.27.51.87,1.05,1.72,1.55,2.6.24.43.56.6,1.04.57.42-.02.85,0,1.28,0,.22,0,.32.03.26.28-.14.63-.27,1.27-.38,1.91-.03.18-.15.28-.26.39-.73.74-1.46,1.48-2.2,2.2-.26.25-.39.53-.36.88,0,.01,0,.03,0,.04Zm19.21,2.52c-2.86,3.64-6.53,6-11.05,6.98-4.81,1.04-9.38.34-13.64-2.14-4.03-2.34-6.82-5.74-8.4-10.13-.64-1.78-.99-3.63-1.07-5.53-.09-2.08.19-4.39.8-6.34.16.49.31.88.42,1.29.11.39.33.67.67.89,1.04.67,2.06,1.36,3.08,2.05-.02.04-.03.07-.04.08-.76.55-.98,1.29-.93,2.22.04.79.13,1.51.54,2.2.31.52.57,1.08.82,1.64.18.39.47.57.88.65.76.14,1.5.32,2.26.44.29.05.32.17.31.41,0,1.87,0,3.73,0,5.6,0,.3.04.58.16.85.4.98.8,1.96,1.18,2.95.13.32.33.53.66.63.58.18,1.16.39,1.74.57.65.21,1.05-.08,1.06-.75,0-.88.01-1.76,0-2.64,0-.21.07-.34.23-.46.69-.5,1.36-1.02,2.05-1.53.32-.23.51-.52.44-.92-.19-1.11.19-1.97,1.1-2.64.35-.26.61-.63.94-.92.45-.39.72-.85.81-1.45.14-.9.35-1.8.52-2.7.11-.61-.17-.94-.79-.95-.61,0-1.23-.02-1.84,0-.28.01-.43-.1-.56-.33-.5-.86-1.03-1.7-1.53-2.57-.21-.36-.48-.52-.9-.51-1.27.02-2.53,0-3.8.01-.27,0-.4-.09-.51-.32-.3-.64-.62-1.26-.94-1.89-.32-.62-.8-.7-1.3-.21-.22.22-.44.45-.65.67-.06-.04-.08-.05-.08-.05.19-1.02-.35-1.7-1.08-2.27-.49-.38-.25-.9-.28-1.37-.01-.14.17-.14.29-.15,1.2-.17,2.39-.33,3.59-.5.28-.04.53-.13.78-.28.99-.6,1.98-1.19,2.97-1.78.24-.14.41-.32.55-.55.53-.89,1.07-1.77,1.59-2.67.14-.23.3-.38.56-.46.42-.12.83-.28,1.25-.4.36-.11.59-.32.7-.69.17-.57.38-1.13.56-1.7.2-.64-.02-1-.67-1.11-1.14-.19-2.28-.4-3.42-.56-.38-.05-.64-.26-.98-.51,4.41-1.34,8.69-1.19,13.05.5-.58.21-.96.6-1.52.6-.71,0-1.41,0-2.12,0-.42,0-.69.16-.88.55-.38.81-.8,1.61-1.2,2.42-.29.6-.14.94.49,1.16.04.01.07.03.11.05,1.43.77,2.88.57,4.33.06.24-.08.46-.07.69.02,1.59.63,3.28.83,4.94,1.2.26.06.5-.02.72-.17.41-.28.82-.54,1.22-.82.15-.1.23-.11.35.04.68.81,1.31,1.64,1.87,2.56-1.08.36-2.14.72-3.22,1.06-.35.11-.71-.06-1.06-.11-.79-.11-1.57-.26-2.36-.39-.22-.04-.38-.13-.51-.33-.29-.46-.61-.9-.9-1.36-.2-.32-.46-.47-.85-.47-1.25.02-2.51.01-3.76,0-.32,0-.56.09-.78.32-.59.6-1.18,1.19-1.78,1.78-.26.25-.37.53-.31.89.23,1.52.44,3.05.65,4.58.04.29.2.48.46.6,1.56.67,3.12,1.33,4.67,2,.21.09.41.09.62.03.65-.17,1.31-.33,1.96-.5.23-.06.42-.05.62.11.37.29.92.47,1.13.84.2.36.08.91.05,1.37-.05.76.14,1.43.49,2.09.73,1.37,1.4,2.77,2.1,4.16.11.21.16.42.15.65,0,.67,0,1.33,0,2,0,.35.1.64.37.89.37.34.72.72,1.08,1.07.13.12.17.21.04.38Zm1.04-1.52s-.06.08-.13.16c-.31-.32-.6-.62-.9-.92-.08-.08-.11-.18-.1-.29,0-.08,0-.16,0-.24.18-1.49-.19-2.84-.96-4.14-.59-.99-1.04-2.06-1.57-3.09-.14-.27-.21-.53-.2-.84.02-.67,0-1.33,0-2,0-.35-.12-.61-.42-.8-.6-.39-1.2-.79-1.79-1.2-.28-.19-.57-.25-.9-.15-.68.19-1.36.33-2.04.52-.2.05-.36.03-.54-.05-1.22-.53-2.43-1.06-3.65-1.57-.23-.1-.31-.22-.34-.46-.15-1.16-.31-2.32-.49-3.47-.03-.18.02-.29.14-.42.48-.46.87-1.11,1.44-1.35.54-.24,1.25-.06,1.89-.07.33,0,.67.03,1,0,.41-.05.63.12.82.45.24.4.52.77.76,1.17.18.28.42.42.74.47,1.22.2,2.43.41,3.65.62.29.05.58.02.86-.07,1.04-.35,2.09-.68,3.12-1.06.28-.1.4-.07.53.2.99,2.05,1.63,4.19,1.86,6.46.45,4.37-.51,8.41-2.81,12.14Z\"><\/path><\/g><\/svg>\t\t\t\t<\/span>\n\t\t\t<\/div>\n\t\t\t\n\t\t\t\t\t\t<div class=\"elementor-icon-box-content\">\n\n\t\t\t\t\t\t\t\t\t<h3 class=\"elementor-icon-box-title\">\n\t\t\t\t\t\t<span  >\n\t\t\t\t\t\t\tA FAVOR DEL PLANETA\t\t\t\t\t\t<\/span>\n\t\t\t\t\t<\/h3>\n\t\t\t\t\n\t\t\t\t\n\t\t\t<\/div>\n\t\t\t\n\t\t<\/div>\n\t\t\t\t\t\t<\/div>\n\t\t\t\t<\/div>\n\t\t\t\t\t<\/div>\n\t\t<\/div>\n\t\t\t\t\t<\/div>\n\t\t<\/section>\n\t\t\t\t<section class=\"ob-is-breaking-bad elementor-section elementor-top-section elementor-element elementor-element-3c416ec elementor-section-boxed elementor-section-height-default elementor-section-height-default\" data-id=\"3c416ec\" data-element_type=\"section\" data-settings=\"{&quot;_ob_bbad_use_it&quot;:&quot;yes&quot;,&quot;_ob_bbad_sssic_use&quot;:&quot;no&quot;,&quot;_ob_glider_is_slider&quot;:&quot;no&quot;}\">\n\t\t\t\t\t\t\t<div class=\"elementor-background-overlay\"><\/div>\n\t\t\t\t\t\t\t<div class=\"elementor-container elementor-column-gap-default\">\n\t\t\t\t\t<div class=\"elementor-column elementor-col-100 elementor-top-column elementor-element elementor-element-e966caf\" data-id=\"e966caf\" data-element_type=\"column\" data-settings=\"{&quot;_ob_bbad_is_stalker&quot;:&quot;no&quot;,&quot;_ob_teleporter_use&quot;:false,&quot;_ob_column_hoveranimator&quot;:&quot;no&quot;,&quot;_ob_column_has_pseudo&quot;:&quot;no&quot;}\">\n\t\t\t<div class=\"elementor-widget-wrap elementor-element-populated\">\n\t\t\t\t\t\t<div class=\"elementor-element elementor-element-61a4a23 elementor-drop-cap-yes elementor-drop-cap-view-stacked ob-harakiri-inherit ob-has-background-overlay elementor-widget elementor-widget-text-editor\" data-id=\"61a4a23\" data-element_type=\"widget\" data-settings=\"{&quot;drop_cap&quot;:&quot;yes&quot;,&quot;_ob_use_harakiri&quot;:&quot;yes&quot;,&quot;_ob_harakiri_writing_mode&quot;:&quot;inherit&quot;,&quot;_ob_postman_use&quot;:&quot;no&quot;,&quot;_ob_perspektive_use&quot;:&quot;no&quot;,&quot;_ob_poopart_use&quot;:&quot;yes&quot;,&quot;_ob_shadough_use&quot;:&quot;no&quot;,&quot;_ob_allow_hoveranimator&quot;:&quot;no&quot;,&quot;_ob_widget_stalker_use&quot;:&quot;no&quot;}\" data-widget_type=\"text-editor.default\">\n\t\t\t\t<div class=\"elementor-widget-container\">\n\t\t\t\t\t\t\t\t\t<p>El cambio clim\u00e1tico es una realidad que nos demuestra la crisis en la que se encuentra nuestro planeta; aumento de temperatura, contaminaci\u00f3n, animales en peligro, incendios, deforestaci\u00f3n, crecimiento acelerado de la poblaci\u00f3n, aumento de gases de efecto invernadero, agotamiento de los recursos.<\/p><p>Esta emergencia nos exige tomar partido y garantizar <em><strong>una adecuada adaptabilidad y mejores pr\u00e1cticas personales e industriales en relaci\u00f3n al medio ambiente. La responsabilidad es de todos.<\/strong><\/em><\/p>\t\t\t\t\t\t\t\t<\/div>\n\t\t\t\t<\/div>\n\t\t\t\t\t<\/div>\n\t\t<\/div>\n\t\t\t\t\t<\/div>\n\t\t<\/section>\n\t\t\t\t<section class=\"ob-is-breaking-bad elementor-section elementor-top-section elementor-element elementor-element-00dca8c elementor-section-boxed elementor-section-height-default elementor-section-height-default\" data-id=\"00dca8c\" data-element_type=\"section\" data-settings=\"{&quot;background_background&quot;:&quot;classic&quot;,&quot;_ob_bbad_use_it&quot;:&quot;yes&quot;,&quot;_ob_bbad_sssic_use&quot;:&quot;no&quot;,&quot;_ob_glider_is_slider&quot;:&quot;no&quot;}\">\n\t\t\t\t\t\t<div class=\"elementor-container elementor-column-gap-wider\">\n\t\t\t\t\t<div class=\"elementor-column elementor-col-50 elementor-top-column elementor-element elementor-element-6cc82e8\" data-id=\"6cc82e8\" data-element_type=\"column\" data-settings=\"{&quot;_ob_bbad_is_stalker&quot;:&quot;no&quot;,&quot;_ob_teleporter_use&quot;:false,&quot;_ob_column_hoveranimator&quot;:&quot;no&quot;,&quot;_ob_column_has_pseudo&quot;:&quot;no&quot;}\">\n\t\t\t<div class=\"elementor-widget-wrap elementor-element-populated\">\n\t\t\t\t\t\t<div class=\"elementor-element elementor-element-7a71350 ob-harakiri-inherit ob-has-background-overlay elementor-widget elementor-widget-heading\" data-id=\"7a71350\" data-element_type=\"widget\" data-settings=\"{&quot;_ob_use_harakiri&quot;:&quot;yes&quot;,&quot;_ob_harakiri_writing_mode&quot;:&quot;inherit&quot;,&quot;_ob_harakiri_text_clip&quot;:&quot;none&quot;,&quot;_ob_perspektive_use&quot;:&quot;no&quot;,&quot;_ob_poopart_use&quot;:&quot;yes&quot;,&quot;_ob_shadough_use&quot;:&quot;no&quot;,&quot;_ob_allow_hoveranimator&quot;:&quot;no&quot;,&quot;_ob_widget_stalker_use&quot;:&quot;no&quot;}\" data-widget_type=\"heading.default\">\n\t\t\t\t<div class=\"elementor-widget-container\">\n\t\t\t\t\t<h4 class=\"elementor-heading-title elementor-size-default\">MISI\u00d3N<\/h4>\t\t\t\t<\/div>\n\t\t\t\t<\/div>\n\t\t\t\t<div class=\"elementor-element elementor-element-15b1e71 ob-harakiri-inherit ob-has-background-overlay elementor-widget elementor-widget-text-editor\" data-id=\"15b1e71\" data-element_type=\"widget\" data-settings=\"{&quot;_ob_use_harakiri&quot;:&quot;yes&quot;,&quot;_ob_harakiri_writing_mode&quot;:&quot;inherit&quot;,&quot;_ob_postman_use&quot;:&quot;no&quot;,&quot;_ob_perspektive_use&quot;:&quot;no&quot;,&quot;_ob_poopart_use&quot;:&quot;yes&quot;,&quot;_ob_shadough_use&quot;:&quot;no&quot;,&quot;_ob_allow_hoveranimator&quot;:&quot;no&quot;,&quot;_ob_widget_stalker_use&quot;:&quot;no&quot;}\" data-widget_type=\"text-editor.default\">\n\t\t\t\t<div class=\"elementor-widget-container\">\n\t\t\t\t\t\t\t\t\t<p>Contribuir con el medio ambiente y brindar un mejor ma\u00f1ana a las futuras generaciones, por medio de la resignificaci\u00f3n de los residuos industriales aprovechables; con una oportuna gesti\u00f3n, valoraci\u00f3n y log\u00edstica especializada, prolongando su vida \u00fatil y generando un menor impacto en nuestra planeta.<\/p>\t\t\t\t\t\t\t\t<\/div>\n\t\t\t\t<\/div>\n\t\t\t\t\t<\/div>\n\t\t<\/div>\n\t\t\t\t<div class=\"elementor-column elementor-col-50 elementor-top-column elementor-element elementor-element-cd52d72\" data-id=\"cd52d72\" data-element_type=\"column\" data-settings=\"{&quot;_ob_bbad_is_stalker&quot;:&quot;no&quot;,&quot;_ob_teleporter_use&quot;:false,&quot;_ob_column_hoveranimator&quot;:&quot;no&quot;,&quot;_ob_column_has_pseudo&quot;:&quot;no&quot;}\">\n\t\t\t<div class=\"elementor-widget-wrap elementor-element-populated\">\n\t\t\t\t\t\t<div class=\"elementor-element elementor-element-8777089 ob-harakiri-inherit ob-has-background-overlay elementor-widget elementor-widget-heading\" data-id=\"8777089\" data-element_type=\"widget\" data-settings=\"{&quot;_ob_use_harakiri&quot;:&quot;yes&quot;,&quot;_ob_harakiri_writing_mode&quot;:&quot;inherit&quot;,&quot;_ob_harakiri_text_clip&quot;:&quot;none&quot;,&quot;_ob_perspektive_use&quot;:&quot;no&quot;,&quot;_ob_poopart_use&quot;:&quot;yes&quot;,&quot;_ob_shadough_use&quot;:&quot;no&quot;,&quot;_ob_allow_hoveranimator&quot;:&quot;no&quot;,&quot;_ob_widget_stalker_use&quot;:&quot;no&quot;}\" data-widget_type=\"heading.default\">\n\t\t\t\t<div class=\"elementor-widget-container\">\n\t\t\t\t\t<h4 class=\"elementor-heading-title elementor-size-default\">VISI\u00d3N<\/h4>\t\t\t\t<\/div>\n\t\t\t\t<\/div>\n\t\t\t\t<div class=\"elementor-element elementor-element-ad3c67c ob-harakiri-inherit ob-has-background-overlay elementor-widget elementor-widget-text-editor\" data-id=\"ad3c67c\" data-element_type=\"widget\" data-settings=\"{&quot;_ob_use_harakiri&quot;:&quot;yes&quot;,&quot;_ob_harakiri_writing_mode&quot;:&quot;inherit&quot;,&quot;_ob_postman_use&quot;:&quot;no&quot;,&quot;_ob_perspektive_use&quot;:&quot;no&quot;,&quot;_ob_poopart_use&quot;:&quot;yes&quot;,&quot;_ob_shadough_use&quot;:&quot;no&quot;,&quot;_ob_allow_hoveranimator&quot;:&quot;no&quot;,&quot;_ob_widget_stalker_use&quot;:&quot;no&quot;}\" data-widget_type=\"text-editor.default\">\n\t\t\t\t<div class=\"elementor-widget-container\">\n\t\t\t\t\t\t\t\t\t<p>Consolidarse como empresa l\u00edder en el manejo de residuos aprovechables, innovando en las metodolog\u00edas para dar una segunda oportunidad a los desechos resultantes de otros procesos productivos e impactando al adecuado sostenimiento ambiental de la regi\u00f3n.<\/p>\t\t\t\t\t\t\t\t<\/div>\n\t\t\t\t<\/div>\n\t\t\t\t\t<\/div>\n\t\t<\/div>\n\t\t\t\t\t<\/div>\n\t\t<\/section>\n\t\t\t\t<section class=\"ob-is-breaking-bad elementor-section elementor-top-section elementor-element elementor-element-cbfa324 elementor-section-boxed elementor-section-height-default elementor-section-height-default\" data-id=\"cbfa324\" data-element_type=\"section\" data-settings=\"{&quot;background_background&quot;:&quot;classic&quot;,&quot;_ob_bbad_use_it&quot;:&quot;yes&quot;,&quot;_ob_bbad_sssic_use&quot;:&quot;no&quot;,&quot;_ob_glider_is_slider&quot;:&quot;no&quot;}\">\n\t\t\t\t\t\t<div class=\"elementor-container elementor-column-gap-default\">\n\t\t\t\t\t<div class=\"elementor-column elementor-col-100 elementor-top-column elementor-element elementor-element-139e126\" data-id=\"139e126\" data-element_type=\"column\" data-settings=\"{&quot;_ob_bbad_is_stalker&quot;:&quot;no&quot;,&quot;_ob_teleporter_use&quot;:false,&quot;_ob_column_hoveranimator&quot;:&quot;no&quot;,&quot;_ob_column_has_pseudo&quot;:&quot;no&quot;}\">\n\t\t\t<div class=\"elementor-widget-wrap elementor-element-populated\">\n\t\t\t\t\t\t<div class=\"elementor-element elementor-element-00ac3bb ob-harakiri-inherit ob-has-background-overlay elementor-widget elementor-widget-heading\" data-id=\"00ac3bb\" data-element_type=\"widget\" data-settings=\"{&quot;_ob_use_harakiri&quot;:&quot;yes&quot;,&quot;_ob_harakiri_writing_mode&quot;:&quot;inherit&quot;,&quot;_ob_harakiri_text_clip&quot;:&quot;none&quot;,&quot;_ob_perspektive_use&quot;:&quot;no&quot;,&quot;_ob_poopart_use&quot;:&quot;yes&quot;,&quot;_ob_shadough_use&quot;:&quot;no&quot;,&quot;_ob_allow_hoveranimator&quot;:&quot;no&quot;,&quot;_ob_widget_stalker_use&quot;:&quot;no&quot;}\" data-widget_type=\"heading.default\">\n\t\t\t\t<div class=\"elementor-widget-container\">\n\t\t\t\t\t<h3 class=\"elementor-heading-title elementor-size-default\">\u201cNuestro compromiso, lealtad y servicio es nuestra garant\u00eda, trabajamos y nos esforzamos por suplir las necesidades de nuestros clientes.\nSomos solucionadores\u201d<\/h3>\t\t\t\t<\/div>\n\t\t\t\t<\/div>\n\t\t\t\t\t<\/div>\n\t\t<\/div>\n\t\t\t\t\t<\/div>\n\t\t<\/section>\n\t\t\t\t<\/div>\n\t\t","protected":false},"excerpt":{"rendered":"<p>\u201cNuestro prop\u00f3sito es gestionar los residuos industriales de forma responsable y segura, para ser reincorporados en la cadena productiva y poder as\u00ed generar un menor impacto en el medio ambiente\u201d. A FAVOR DEL PLANETA El cambio clim\u00e1tico es una realidad que nos demuestra la crisis en la que se encuentra nuestro planeta; aumento de temperatura, [&hellip;]<\/p>\n","protected":false},"author":1,"featured_media":0,"parent":0,"menu_order":0,"comment_status":"closed","ping_status":"closed","template":"","meta":{"footnotes":""},"class_list":["post-45","page","type-page","status-publish","hentry"],"_links":{"self":[{"href":"https:\/\/sjsolucionesambientales.com\/index.php\/wp-json\/wp\/v2\/pages\/45","targetHints":{"allow":["GET"]}}],"collection":[{"href":"https:\/\/sjsolucionesambientales.com\/index.php\/wp-json\/wp\/v2\/pages"}],"about":[{"href":"https:\/\/sjsolucionesambientales.com\/index.php\/wp-json\/wp\/v2\/types\/page"}],"author":[{"embeddable":true,"href":"https:\/\/sjsolucionesambientales.com\/index.php\/wp-json\/wp\/v2\/users\/1"}],"replies":[{"embeddable":true,"href":"https:\/\/sjsolucionesambientales.com\/index.php\/wp-json\/wp\/v2\/comments?post=45"}],"version-history":[{"count":79,"href":"https:\/\/sjsolucionesambientales.com\/index.php\/wp-json\/wp\/v2\/pages\/45\/revisions"}],"predecessor-version":[{"id":841,"href":"https:\/\/sjsolucionesambientales.com\/index.php\/wp-json\/wp\/v2\/pages\/45\/revisions\/841"}],"wp:attachment":[{"href":"https:\/\/sjsolucionesambientales.com\/index.php\/wp-json\/wp\/v2\/media?parent=45"}],"curies":[{"name":"wp","href":"https:\/\/api.w.org\/{rel}","templated":true}]}}